{"id":154,"date":"2013-01-15T11:20:16","date_gmt":"2013-01-15T09:20:16","guid":{"rendered":"http:\/\/vie-de-boheme.de\/urlaub\/?page_id=154"},"modified":"2017-06-14T10:11:48","modified_gmt":"2017-06-14T08:11:48","slug":"rebekka-hofmann","status":"publish","type":"page","link":"https:\/\/www.vie-de-boheme.de\/urlaub\/rebekka-hofmann\/","title":{"rendered":"Rebekka Hofmann"},"content":{"rendered":"<p><!--\n\n\n<h3>Wochen-Seminar f\u00fcr Frauen (K\u00f6rperarbeit nach Anna Halprin)<\/h3>\n\n\n\n\n<p style=\"text-align: justify;\">W\u00e4hrend dieser Tage kehren wir zu den Quellen des Lebens und des Tanzes zur\u00fcck - zur Natur. Sie unterst\u00fctzt unsere Kreativit\u00e4t, erschlie\u00dft uns archetypische Erfahrungsebenen, aus denen wir neue Bewegungen und T\u00e4nze sch\u00f6pfen.<\/p>\n\n\n--><\/p>\n<p style=\"text-align: justify;\">Sich zu einem Platz im Freien hingezogen f\u00fchlen und sich Stunden darin aufhalten. Die Auseinandersetzung mit der Natur wird zur Auseinandersetzung mit sich selbst. Der Tanz wird rein, spontan und frei. Er leitet in die Essenz der unmittelbaren Bewegung und der einfachen Geste &#8211; der Tanz wird zur Meditation.<\/p>\n<p><!--\n\n\n<p style=\"text-align: justify;\">Jedes Stilldanceseminar ist unter ein spezielles Thema gestellt.<\/p>\n\n\n --><br \/>\n<img loading=\"lazy\" decoding=\"async\" class=\"alignnone wp-image-616\" src=\"http:\/\/www.vie-de-boheme.de\/urlaub\/wp-content\/uploads\/2013\/01\/stilldance-1.jpg\" alt=\"Stilldance\" width=\"300\" height=\"200\" srcset=\"https:\/\/www.vie-de-boheme.de\/urlaub\/wp-content\/uploads\/2013\/01\/stilldance-1.jpg 320w, https:\/\/www.vie-de-boheme.de\/urlaub\/wp-content\/uploads\/2013\/01\/stilldance-1-300x199.jpg 300w\" sizes=\"auto, (max-width: 300px) 100vw, 300px\" \/><img loading=\"lazy\" decoding=\"async\" style=\"margin-left: 14px; margin-right: 14px;\" src=\"http:\/\/www.vie-de-boheme.de\/urlaub\/wp-content\/uploads\/2013\/01\/stilldance-2.jpg\" alt=\"Stilldance\" width=\"300\" height=\"200\" \/><img loading=\"lazy\" decoding=\"async\" src=\"http:\/\/www.vie-de-boheme.de\/urlaub\/wp-content\/uploads\/2013\/01\/stilldance-3.jpg\" alt=\"Stilldance\" width=\"300\" height=\"200\" \/><\/p>\n<h3>Mehrj\u00e4hrige Ausbildungen in Deutschland, der Schweiz, Frankreich und in den USA<\/h3>\n<p><span style=\"color: #ff6600;\">\u2261 <\/span>Bewegungs-P\u00e4dagogik M. Mahler (Bern)<\/p>\n<p><span style=\"color: #ff6600;\">\u2261 <\/span>Hatha Yoga E. Dolibois (Bern)<\/p>\n<p><span style=\"color: #ff6600;\">\u2261 <\/span>Bewegungs- und Tanztherapie A. Halprin (San Francisco)<\/p>\n<p><span style=\"color: #ff6600;\">\u2261 <\/span>Esalen-Massage Esalen Center (Z\u00fcrich)<\/p>\n<p><span style=\"color: #ff6600;\">\u2261 <\/span>Psych.-energetische Arbeit Snowlion School of Healingart<\/p>\n<p><span style=\"color: #ff6600;\">\u2261 <\/span>R. Steiner, Trimurti (Frankreich)<\/p>\n<p><span style=\"color: #ff6600;\">\u2261 <\/span>Palliative Pflege Caritas Akademie (Freiburg)<\/p>\n<p><span style=\"color: #ff6600;\">\u2261 <\/span>Lehrt\u00e4tigkeiten in Massageschulen Paris (Frankreich)<\/p>\n<p>Hinzu kommen Fort-und Weiterbildungsseminare in craniosakraler Therapie und viele Impulse bei diversen Tanz- und MassagetherapeutInnen.<\/p>\n<h3>Kontakt:<img loading=\"lazy\" decoding=\"async\" class=\"size-full wp-image-632 alignright\" style=\"margin-left: 20px;\" src=\"http:\/\/www.vie-de-boheme.de\/urlaub\/wp-content\/uploads\/2013\/01\/stilldance-4.jpg\" alt=\"Stilldance\" width=\"452\" height=\"300\" srcset=\"https:\/\/www.vie-de-boheme.de\/urlaub\/wp-content\/uploads\/2013\/01\/stilldance-4.jpg 452w, https:\/\/www.vie-de-boheme.de\/urlaub\/wp-content\/uploads\/2013\/01\/stilldance-4-300x199.jpg 300w\" sizes=\"auto, (max-width: 452px) 100vw, 452px\" \/><\/h3>\n<p>Rebekka Hofmann<br \/>\n<span style=\"color: #ff6600;\">Mail<\/span> <a href=\"&#x6d;&#x61;&#x69;&#108;&#116;o:&#x69;&#x6e;&#x66;&#111;&#64;be&#x72;&#x75;&#x65;&#104;&#114;te&#x73;&#x2d;&#x6d;&#101;&#110;sc&#x68;&#x73;&#x65;&#105;&#110;&#46;d&#x65;\" target=\"_blank\" rel=\"noopener\">&#x69;&#x6e;&#x66;&#x6f;&#x40;&#x62;&#x65;&#x72;&#x75;&#x65;&#x68;&#x72;&#x74;&#x65;&#x73;&#x2d;&#x6d;&#x65;&#x6e;&#x73;&#x63;&#x68;&#x73;&#x65;&#x69;&#x6e;&#x2e;&#x64;&#x65;<\/a><br \/>\n<span style=\"color: #ff6600;\">Telefon<\/span> + 49 \/ (0) 4355 \/ 18.19.635<br \/>\n<span style=\"color: #ff6600;\">Telefon<\/span> + 49 \/ (0) 175 \/ 24.55.835<\/p>\n<p>N\u00e4here Informationen \u00fcber Termine und Veranstaltungsort erhalten Sie unter:<\/p>\n<p><a href=\"http:\/\/www.beruehrtes-menschsein.de\" target=\"_blank\" rel=\"noopener\">http:\/\/www.beruehrtes-menschsein.de<\/a><\/p>\n<p>Ich weise darauf hin, dass Einzelsitzungen und Seminare kein Ersatz f\u00fcr eine therapeutische Behandlung sind.<\/p>\n","protected":false},"excerpt":{"rendered":"<p>Sich zu einem Platz im Freien hingezogen f\u00fchlen und sich Stunden darin aufhalten. Die Auseinandersetzung mit der Natur wird zur Auseinandersetzung mit sich selbst. Der Tanz wird rein, spontan und frei. Er leitet in die Essenz der unmittelbaren Bewegung und der einfachen Geste &#8211; der Tanz wird zur Meditation. Mehrj\u00e4hrige&#8230;<\/p>\n","protected":false},"author":1,"featured_media":0,"parent":0,"menu_order":0,"comment_status":"closed","ping_status":"closed","template":"template-fullwidth.php","meta":{"footnotes":""},"class_list":["post-154","page","type-page","status-publish","hentry"],"yoast_head":"<!-- This site is optimized with the Yoast SEO plugin v27.2 - https:\/\/yoast.com\/product\/yoast-seo-wordpress\/ -->\n<title>Rebekka Hofmann - vie de boh\u00e8me<\/title>\n<meta name=\"robots\" content=\"index, follow, max-snippet:-1, max-image-preview:large, max-video-preview:-1\" \/>\n<link rel=\"canonical\" href=\"https:\/\/www.vie-de-boheme.de\/urlaub\/rebekka-hofmann\/\" \/>\n<meta property=\"og:locale\" content=\"de_DE\" \/>\n<meta property=\"og:type\" content=\"article\" \/>\n<meta property=\"og:title\" content=\"Rebekka Hofmann - vie de boh\u00e8me\" \/>\n<meta property=\"og:description\" content=\"Sich zu einem Platz im Freien hingezogen f\u00fchlen und sich Stunden darin aufhalten. Die Auseinandersetzung mit der Natur wird zur Auseinandersetzung mit sich selbst. Der Tanz wird rein, spontan und frei. Er leitet in die Essenz der unmittelbaren Bewegung und der einfachen Geste &#8211; der Tanz wird zur Meditation. Mehrj\u00e4hrige...\" \/>\n<meta property=\"og:url\" content=\"https:\/\/www.vie-de-boheme.de\/urlaub\/rebekka-hofmann\/\" \/>\n<meta property=\"og:site_name\" content=\"vie de boh\u00e8me\" \/>\n<meta property=\"article:modified_time\" content=\"2017-06-14T08:11:48+00:00\" \/>\n<meta property=\"og:image\" content=\"http:\/\/www.vie-de-boheme.de\/urlaub\/wp-content\/uploads\/2013\/01\/stilldance-1.jpg\" \/>\n<meta name=\"twitter:card\" content=\"summary_large_image\" \/>\n<meta name=\"twitter:label1\" content=\"Gesch\u00e4tzte Lesezeit\" \/>\n\t<meta name=\"twitter:data1\" content=\"1\u00a0Minute\" \/>\n<script type=\"application\/ld+json\" class=\"yoast-schema-graph\">{\"@context\":\"https:\/\/schema.org\",\"@graph\":[{\"@type\":\"WebPage\",\"@id\":\"https:\/\/www.vie-de-boheme.de\/urlaub\/rebekka-hofmann\/\",\"url\":\"https:\/\/www.vie-de-boheme.de\/urlaub\/rebekka-hofmann\/\",\"name\":\"Rebekka Hofmann - vie de boh\u00e8me\",\"isPartOf\":{\"@id\":\"https:\/\/www.vie-de-boheme.de\/urlaub\/#website\"},\"primaryImageOfPage\":{\"@id\":\"https:\/\/www.vie-de-boheme.de\/urlaub\/rebekka-hofmann\/#primaryimage\"},\"image\":{\"@id\":\"https:\/\/www.vie-de-boheme.de\/urlaub\/rebekka-hofmann\/#primaryimage\"},\"thumbnailUrl\":\"http:\/\/www.vie-de-boheme.de\/urlaub\/wp-content\/uploads\/2013\/01\/stilldance-1.jpg\",\"datePublished\":\"2013-01-15T09:20:16+00:00\",\"dateModified\":\"2017-06-14T08:11:48+00:00\",\"breadcrumb\":{\"@id\":\"https:\/\/www.vie-de-boheme.de\/urlaub\/rebekka-hofmann\/#breadcrumb\"},\"inLanguage\":\"de\",\"potentialAction\":[{\"@type\":\"ReadAction\",\"target\":[\"https:\/\/www.vie-de-boheme.de\/urlaub\/rebekka-hofmann\/\"]}]},{\"@type\":\"ImageObject\",\"inLanguage\":\"de\",\"@id\":\"https:\/\/www.vie-de-boheme.de\/urlaub\/rebekka-hofmann\/#primaryimage\",\"url\":\"https:\/\/www.vie-de-boheme.de\/urlaub\/wp-content\/uploads\/2013\/01\/stilldance-1.jpg\",\"contentUrl\":\"https:\/\/www.vie-de-boheme.de\/urlaub\/wp-content\/uploads\/2013\/01\/stilldance-1.jpg\",\"width\":320,\"height\":213},{\"@type\":\"BreadcrumbList\",\"@id\":\"https:\/\/www.vie-de-boheme.de\/urlaub\/rebekka-hofmann\/#breadcrumb\",\"itemListElement\":[{\"@type\":\"ListItem\",\"position\":1,\"name\":\"Startseite\",\"item\":\"https:\/\/www.vie-de-boheme.de\/urlaub\/\"},{\"@type\":\"ListItem\",\"position\":2,\"name\":\"Rebekka Hofmann\"}]},{\"@type\":\"WebSite\",\"@id\":\"https:\/\/www.vie-de-boheme.de\/urlaub\/#website\",\"url\":\"https:\/\/www.vie-de-boheme.de\/urlaub\/\",\"name\":\"vie de boh\u00e8me\",\"description\":\"Urlaub an der Ostsee\",\"potentialAction\":[{\"@type\":\"SearchAction\",\"target\":{\"@type\":\"EntryPoint\",\"urlTemplate\":\"https:\/\/www.vie-de-boheme.de\/urlaub\/?s={search_term_string}\"},\"query-input\":{\"@type\":\"PropertyValueSpecification\",\"valueRequired\":true,\"valueName\":\"search_term_string\"}}],\"inLanguage\":\"de\"}]}<\/script>\n<!-- \/ Yoast SEO plugin. -->","yoast_head_json":{"title":"Rebekka Hofmann - vie de boh\u00e8me","robots":{"index":"index","follow":"follow","max-snippet":"max-snippet:-1","max-image-preview":"max-image-preview:large","max-video-preview":"max-video-preview:-1"},"canonical":"https:\/\/www.vie-de-boheme.de\/urlaub\/rebekka-hofmann\/","og_locale":"de_DE","og_type":"article","og_title":"Rebekka Hofmann - vie de boh\u00e8me","og_description":"Sich zu einem Platz im Freien hingezogen f\u00fchlen und sich Stunden darin aufhalten. Die Auseinandersetzung mit der Natur wird zur Auseinandersetzung mit sich selbst. Der Tanz wird rein, spontan und frei. Er leitet in die Essenz der unmittelbaren Bewegung und der einfachen Geste &#8211; der Tanz wird zur Meditation. Mehrj\u00e4hrige...","og_url":"https:\/\/www.vie-de-boheme.de\/urlaub\/rebekka-hofmann\/","og_site_name":"vie de boh\u00e8me","article_modified_time":"2017-06-14T08:11:48+00:00","og_image":[{"url":"http:\/\/www.vie-de-boheme.de\/urlaub\/wp-content\/uploads\/2013\/01\/stilldance-1.jpg","type":"","width":"","height":""}],"twitter_card":"summary_large_image","twitter_misc":{"Gesch\u00e4tzte Lesezeit":"1\u00a0Minute"},"schema":{"@context":"https:\/\/schema.org","@graph":[{"@type":"WebPage","@id":"https:\/\/www.vie-de-boheme.de\/urlaub\/rebekka-hofmann\/","url":"https:\/\/www.vie-de-boheme.de\/urlaub\/rebekka-hofmann\/","name":"Rebekka Hofmann - vie de boh\u00e8me","isPartOf":{"@id":"https:\/\/www.vie-de-boheme.de\/urlaub\/#website"},"primaryImageOfPage":{"@id":"https:\/\/www.vie-de-boheme.de\/urlaub\/rebekka-hofmann\/#primaryimage"},"image":{"@id":"https:\/\/www.vie-de-boheme.de\/urlaub\/rebekka-hofmann\/#primaryimage"},"thumbnailUrl":"http:\/\/www.vie-de-boheme.de\/urlaub\/wp-content\/uploads\/2013\/01\/stilldance-1.jpg","datePublished":"2013-01-15T09:20:16+00:00","dateModified":"2017-06-14T08:11:48+00:00","breadcrumb":{"@id":"https:\/\/www.vie-de-boheme.de\/urlaub\/rebekka-hofmann\/#breadcrumb"},"inLanguage":"de","potentialAction":[{"@type":"ReadAction","target":["https:\/\/www.vie-de-boheme.de\/urlaub\/rebekka-hofmann\/"]}]},{"@type":"ImageObject","inLanguage":"de","@id":"https:\/\/www.vie-de-boheme.de\/urlaub\/rebekka-hofmann\/#primaryimage","url":"https:\/\/www.vie-de-boheme.de\/urlaub\/wp-content\/uploads\/2013\/01\/stilldance-1.jpg","contentUrl":"https:\/\/www.vie-de-boheme.de\/urlaub\/wp-content\/uploads\/2013\/01\/stilldance-1.jpg","width":320,"height":213},{"@type":"BreadcrumbList","@id":"https:\/\/www.vie-de-boheme.de\/urlaub\/rebekka-hofmann\/#breadcrumb","itemListElement":[{"@type":"ListItem","position":1,"name":"Startseite","item":"https:\/\/www.vie-de-boheme.de\/urlaub\/"},{"@type":"ListItem","position":2,"name":"Rebekka Hofmann"}]},{"@type":"WebSite","@id":"https:\/\/www.vie-de-boheme.de\/urlaub\/#website","url":"https:\/\/www.vie-de-boheme.de\/urlaub\/","name":"vie de boh\u00e8me","description":"Urlaub an der Ostsee","potentialAction":[{"@type":"SearchAction","target":{"@type":"EntryPoint","urlTemplate":"https:\/\/www.vie-de-boheme.de\/urlaub\/?s={search_term_string}"},"query-input":{"@type":"PropertyValueSpecification","valueRequired":true,"valueName":"search_term_string"}}],"inLanguage":"de"}]}},"_links":{"self":[{"href":"https:\/\/www.vie-de-boheme.de\/urlaub\/wp-json\/wp\/v2\/pages\/154","targetHints":{"allow":["GET"]}}],"collection":[{"href":"https:\/\/www.vie-de-boheme.de\/urlaub\/wp-json\/wp\/v2\/pages"}],"about":[{"href":"https:\/\/www.vie-de-boheme.de\/urlaub\/wp-json\/wp\/v2\/types\/page"}],"author":[{"embeddable":true,"href":"https:\/\/www.vie-de-boheme.de\/urlaub\/wp-json\/wp\/v2\/users\/1"}],"replies":[{"embeddable":true,"href":"https:\/\/www.vie-de-boheme.de\/urlaub\/wp-json\/wp\/v2\/comments?post=154"}],"version-history":[{"count":51,"href":"https:\/\/www.vie-de-boheme.de\/urlaub\/wp-json\/wp\/v2\/pages\/154\/revisions"}],"predecessor-version":[{"id":1160,"href":"https:\/\/www.vie-de-boheme.de\/urlaub\/wp-json\/wp\/v2\/pages\/154\/revisions\/1160"}],"wp:attachment":[{"href":"https:\/\/www.vie-de-boheme.de\/urlaub\/wp-json\/wp\/v2\/media?parent=154"}],"curies":[{"name":"wp","href":"https:\/\/api.w.org\/{rel}","templated":true}]}}