{"id":69,"date":"2013-01-11T21:33:27","date_gmt":"2013-01-11T19:33:27","guid":{"rendered":"http:\/\/vie-de-boheme.de\/urlaub\/?page_id=69"},"modified":"2016-08-11T08:12:07","modified_gmt":"2016-08-11T06:12:07","slug":"anfahrt","status":"publish","type":"page","link":"https:\/\/www.vie-de-boheme.de\/urlaub\/anfahrt\/","title":{"rendered":"Anfahrt"},"content":{"rendered":"<p style=\"text-align: justify;\">Unsere Ferienwohnung befindet sich im Landstrich Angeln, im Landkreis Rendsburg-Eckernf\u00f6rde in Schleswig-Holstein, dem n\u00f6rdlichsten deutschen Bundesland, nur ca. 70 km von der d\u00e4nischen Grenze entfernt.<br \/>\nVon Norden von der A7 kommend, verlassen Sie die Autobahn in Schleswig und fahren auf der B 203 weiter Richtung Kiel und Eckernf\u00f6rde.<br \/>\nVon S\u00fcden von der A7 kommend, verlassen Sie die Autobahn in B\u00fcdelsdorf und fahren auf der B 203 weiter Richtung Eckernf\u00f6rde und Schleswig.<\/p>\n<h3>Gunneby:<\/h3>\n<p>Vie de Boh\u00e8me<br \/>\nRebekka Hofmann &amp; Didier Rouchon<br \/>\nKnappersfeld 2<br \/>\nD-24897 Ulsnis\/Knappersfeld<br \/>\n<img loading=\"lazy\" decoding=\"async\" class=\"size-full wp-image-427 alignright\" style=\"margin-left: 20px;\" src=\"http:\/\/www.vie-de-boheme.de\/urlaub\/wp-content\/uploads\/2013\/01\/anfahrt.jpg\" alt=\"Anfahrt\" width=\"448\" height=\"336\" srcset=\"https:\/\/www.vie-de-boheme.de\/urlaub\/wp-content\/uploads\/2013\/01\/anfahrt.jpg 448w, https:\/\/www.vie-de-boheme.de\/urlaub\/wp-content\/uploads\/2013\/01\/anfahrt-300x224.jpg 300w\" sizes=\"auto, (max-width: 448px) 100vw, 448px\" \/><\/p>\n<p style=\"text-align: justify;\">Fahren Sie von Norden kommend in Schleswig weiter Richtung Kappeln auf der B 201. Von der B 201 hinter Tolkschau rechts abbiegen in die Eckernf\u00f6rder Stra\u00dfe (L189), danach links abbiegen in die Hauptstra\u00dfe (K29), dann wieder rechts abbiegen in die Kiusser Landstra\u00dfe (K29) und schlie\u00dflich nach links abbiegen in den Knappersfeldweg.<\/p>\n<p style=\"text-align: justify;\">Von Eckernf\u00f6rde kommend:<br \/>\nZwischen Fleckeby und Eckernf\u00f6rde biegen Sie Richtung Rieseby (von Schleswig kommend nach links, von Eckernf\u00f6rde kommend nach rechts) ab. Fahren Sie mehrere Kilometer durch die Ortschaften Kosel und Rieseby und biegen Sie einige Kilometer hinter Rieseby nach links Richtung S\u00fcderbrarup\/Lindaunis ab. Kurz darauf \u00fcberqueren Sie die Schlei \u00fcber die Eisenbahnbr\u00fccke. Halten Sie sich dann links, lassen Sie das Noor (links) liegen, nach ca. 2 km nach Gunneby links\u00a0 abbiegen in die Stra\u00dfe Alte Schule und dann nach rechts in den Knappersfeldweg.<\/p>\n<p style=\"text-align: justify;\"><strong><a title=\"GOOGLE-MAPS\" href=\"http:\/\/maps.google.de\/maps?q=Knappersfeld,+Ulsnis&amp;hl=de&amp;sll=54.560691,9.863105&amp;sspn=0.015851,0.037293&amp;oq=Knappersfel&amp;hnear=Knappersfeld,+24897+Ulsnis,+Schleswig-Holstein&amp;t=m&amp;z=16\" target=\"_blank\">&gt;&gt; Stra\u00dfenkarte bei GOOGLE-MAPS<\/a><\/strong><\/p>\n","protected":false},"excerpt":{"rendered":"<p>Unsere Ferienwohnung befindet sich im Landstrich Angeln, im Landkreis Rendsburg-Eckernf\u00f6rde in Schleswig-Holstein, dem n\u00f6rdlichsten deutschen Bundesland, nur ca. 70 km von der d\u00e4nischen Grenze entfernt. Von Norden von der A7 kommend, verlassen Sie die Autobahn in Schleswig und fahren auf der B 203 weiter Richtung Kiel und Eckernf\u00f6rde. Von S\u00fcden&#8230;<\/p>\n","protected":false},"author":1,"featured_media":0,"parent":0,"menu_order":0,"comment_status":"closed","ping_status":"closed","template":"template-fullwidth.php","meta":{"footnotes":""},"class_list":["post-69","page","type-page","status-publish","hentry"],"yoast_head":"<!-- This site is optimized with the Yoast SEO plugin v27.2 - https:\/\/yoast.com\/product\/yoast-seo-wordpress\/ -->\n<title>Anfahrt - vie de boh\u00e8me<\/title>\n<meta name=\"robots\" content=\"index, follow, max-snippet:-1, max-image-preview:large, max-video-preview:-1\" \/>\n<link rel=\"canonical\" href=\"https:\/\/www.vie-de-boheme.de\/urlaub\/anfahrt\/\" \/>\n<meta property=\"og:locale\" content=\"de_DE\" \/>\n<meta property=\"og:type\" content=\"article\" \/>\n<meta property=\"og:title\" content=\"Anfahrt - vie de boh\u00e8me\" \/>\n<meta property=\"og:description\" content=\"Unsere Ferienwohnung befindet sich im Landstrich Angeln, im Landkreis Rendsburg-Eckernf\u00f6rde in Schleswig-Holstein, dem n\u00f6rdlichsten deutschen Bundesland, nur ca. 70 km von der d\u00e4nischen Grenze entfernt. Von Norden von der A7 kommend, verlassen Sie die Autobahn in Schleswig und fahren auf der B 203 weiter Richtung Kiel und Eckernf\u00f6rde. Von S\u00fcden...\" \/>\n<meta property=\"og:url\" content=\"https:\/\/www.vie-de-boheme.de\/urlaub\/anfahrt\/\" \/>\n<meta property=\"og:site_name\" content=\"vie de boh\u00e8me\" \/>\n<meta property=\"article:modified_time\" content=\"2016-08-11T06:12:07+00:00\" \/>\n<meta property=\"og:image\" content=\"http:\/\/www.vie-de-boheme.de\/urlaub\/wp-content\/uploads\/2013\/01\/anfahrt.jpg\" \/>\n<meta name=\"twitter:card\" content=\"summary_large_image\" \/>\n<meta name=\"twitter:label1\" content=\"Gesch\u00e4tzte Lesezeit\" \/>\n\t<meta name=\"twitter:data1\" content=\"1\u00a0Minute\" \/>\n<script type=\"application\/ld+json\" class=\"yoast-schema-graph\">{\"@context\":\"https:\/\/schema.org\",\"@graph\":[{\"@type\":\"WebPage\",\"@id\":\"https:\/\/www.vie-de-boheme.de\/urlaub\/anfahrt\/\",\"url\":\"https:\/\/www.vie-de-boheme.de\/urlaub\/anfahrt\/\",\"name\":\"Anfahrt - vie de boh\u00e8me\",\"isPartOf\":{\"@id\":\"https:\/\/www.vie-de-boheme.de\/urlaub\/#website\"},\"primaryImageOfPage\":{\"@id\":\"https:\/\/www.vie-de-boheme.de\/urlaub\/anfahrt\/#primaryimage\"},\"image\":{\"@id\":\"https:\/\/www.vie-de-boheme.de\/urlaub\/anfahrt\/#primaryimage\"},\"thumbnailUrl\":\"http:\/\/www.vie-de-boheme.de\/urlaub\/wp-content\/uploads\/2013\/01\/anfahrt.jpg\",\"datePublished\":\"2013-01-11T19:33:27+00:00\",\"dateModified\":\"2016-08-11T06:12:07+00:00\",\"breadcrumb\":{\"@id\":\"https:\/\/www.vie-de-boheme.de\/urlaub\/anfahrt\/#breadcrumb\"},\"inLanguage\":\"de\",\"potentialAction\":[{\"@type\":\"ReadAction\",\"target\":[\"https:\/\/www.vie-de-boheme.de\/urlaub\/anfahrt\/\"]}]},{\"@type\":\"ImageObject\",\"inLanguage\":\"de\",\"@id\":\"https:\/\/www.vie-de-boheme.de\/urlaub\/anfahrt\/#primaryimage\",\"url\":\"https:\/\/www.vie-de-boheme.de\/urlaub\/wp-content\/uploads\/2013\/01\/anfahrt.jpg\",\"contentUrl\":\"https:\/\/www.vie-de-boheme.de\/urlaub\/wp-content\/uploads\/2013\/01\/anfahrt.jpg\",\"width\":448,\"height\":336},{\"@type\":\"BreadcrumbList\",\"@id\":\"https:\/\/www.vie-de-boheme.de\/urlaub\/anfahrt\/#breadcrumb\",\"itemListElement\":[{\"@type\":\"ListItem\",\"position\":1,\"name\":\"Startseite\",\"item\":\"https:\/\/www.vie-de-boheme.de\/urlaub\/\"},{\"@type\":\"ListItem\",\"position\":2,\"name\":\"Anfahrt\"}]},{\"@type\":\"WebSite\",\"@id\":\"https:\/\/www.vie-de-boheme.de\/urlaub\/#website\",\"url\":\"https:\/\/www.vie-de-boheme.de\/urlaub\/\",\"name\":\"vie de boh\u00e8me\",\"description\":\"Urlaub an der Ostsee\",\"potentialAction\":[{\"@type\":\"SearchAction\",\"target\":{\"@type\":\"EntryPoint\",\"urlTemplate\":\"https:\/\/www.vie-de-boheme.de\/urlaub\/?s={search_term_string}\"},\"query-input\":{\"@type\":\"PropertyValueSpecification\",\"valueRequired\":true,\"valueName\":\"search_term_string\"}}],\"inLanguage\":\"de\"}]}<\/script>\n<!-- \/ Yoast SEO plugin. -->","yoast_head_json":{"title":"Anfahrt - vie de boh\u00e8me","robots":{"index":"index","follow":"follow","max-snippet":"max-snippet:-1","max-image-preview":"max-image-preview:large","max-video-preview":"max-video-preview:-1"},"canonical":"https:\/\/www.vie-de-boheme.de\/urlaub\/anfahrt\/","og_locale":"de_DE","og_type":"article","og_title":"Anfahrt - vie de boh\u00e8me","og_description":"Unsere Ferienwohnung befindet sich im Landstrich Angeln, im Landkreis Rendsburg-Eckernf\u00f6rde in Schleswig-Holstein, dem n\u00f6rdlichsten deutschen Bundesland, nur ca. 70 km von der d\u00e4nischen Grenze entfernt. Von Norden von der A7 kommend, verlassen Sie die Autobahn in Schleswig und fahren auf der B 203 weiter Richtung Kiel und Eckernf\u00f6rde. Von S\u00fcden...","og_url":"https:\/\/www.vie-de-boheme.de\/urlaub\/anfahrt\/","og_site_name":"vie de boh\u00e8me","article_modified_time":"2016-08-11T06:12:07+00:00","og_image":[{"url":"http:\/\/www.vie-de-boheme.de\/urlaub\/wp-content\/uploads\/2013\/01\/anfahrt.jpg","type":"","width":"","height":""}],"twitter_card":"summary_large_image","twitter_misc":{"Gesch\u00e4tzte Lesezeit":"1\u00a0Minute"},"schema":{"@context":"https:\/\/schema.org","@graph":[{"@type":"WebPage","@id":"https:\/\/www.vie-de-boheme.de\/urlaub\/anfahrt\/","url":"https:\/\/www.vie-de-boheme.de\/urlaub\/anfahrt\/","name":"Anfahrt - vie de boh\u00e8me","isPartOf":{"@id":"https:\/\/www.vie-de-boheme.de\/urlaub\/#website"},"primaryImageOfPage":{"@id":"https:\/\/www.vie-de-boheme.de\/urlaub\/anfahrt\/#primaryimage"},"image":{"@id":"https:\/\/www.vie-de-boheme.de\/urlaub\/anfahrt\/#primaryimage"},"thumbnailUrl":"http:\/\/www.vie-de-boheme.de\/urlaub\/wp-content\/uploads\/2013\/01\/anfahrt.jpg","datePublished":"2013-01-11T19:33:27+00:00","dateModified":"2016-08-11T06:12:07+00:00","breadcrumb":{"@id":"https:\/\/www.vie-de-boheme.de\/urlaub\/anfahrt\/#breadcrumb"},"inLanguage":"de","potentialAction":[{"@type":"ReadAction","target":["https:\/\/www.vie-de-boheme.de\/urlaub\/anfahrt\/"]}]},{"@type":"ImageObject","inLanguage":"de","@id":"https:\/\/www.vie-de-boheme.de\/urlaub\/anfahrt\/#primaryimage","url":"https:\/\/www.vie-de-boheme.de\/urlaub\/wp-content\/uploads\/2013\/01\/anfahrt.jpg","contentUrl":"https:\/\/www.vie-de-boheme.de\/urlaub\/wp-content\/uploads\/2013\/01\/anfahrt.jpg","width":448,"height":336},{"@type":"BreadcrumbList","@id":"https:\/\/www.vie-de-boheme.de\/urlaub\/anfahrt\/#breadcrumb","itemListElement":[{"@type":"ListItem","position":1,"name":"Startseite","item":"https:\/\/www.vie-de-boheme.de\/urlaub\/"},{"@type":"ListItem","position":2,"name":"Anfahrt"}]},{"@type":"WebSite","@id":"https:\/\/www.vie-de-boheme.de\/urlaub\/#website","url":"https:\/\/www.vie-de-boheme.de\/urlaub\/","name":"vie de boh\u00e8me","description":"Urlaub an der Ostsee","potentialAction":[{"@type":"SearchAction","target":{"@type":"EntryPoint","urlTemplate":"https:\/\/www.vie-de-boheme.de\/urlaub\/?s={search_term_string}"},"query-input":{"@type":"PropertyValueSpecification","valueRequired":true,"valueName":"search_term_string"}}],"inLanguage":"de"}]}},"_links":{"self":[{"href":"https:\/\/www.vie-de-boheme.de\/urlaub\/wp-json\/wp\/v2\/pages\/69","targetHints":{"allow":["GET"]}}],"collection":[{"href":"https:\/\/www.vie-de-boheme.de\/urlaub\/wp-json\/wp\/v2\/pages"}],"about":[{"href":"https:\/\/www.vie-de-boheme.de\/urlaub\/wp-json\/wp\/v2\/types\/page"}],"author":[{"embeddable":true,"href":"https:\/\/www.vie-de-boheme.de\/urlaub\/wp-json\/wp\/v2\/users\/1"}],"replies":[{"embeddable":true,"href":"https:\/\/www.vie-de-boheme.de\/urlaub\/wp-json\/wp\/v2\/comments?post=69"}],"version-history":[{"count":42,"href":"https:\/\/www.vie-de-boheme.de\/urlaub\/wp-json\/wp\/v2\/pages\/69\/revisions"}],"predecessor-version":[{"id":1097,"href":"https:\/\/www.vie-de-boheme.de\/urlaub\/wp-json\/wp\/v2\/pages\/69\/revisions\/1097"}],"wp:attachment":[{"href":"https:\/\/www.vie-de-boheme.de\/urlaub\/wp-json\/wp\/v2\/media?parent=69"}],"curies":[{"name":"wp","href":"https:\/\/api.w.org\/{rel}","templated":true}]}}